{"id":8,"date":"2026-05-03T07:55:19","date_gmt":"2026-05-03T07:55:19","guid":{"rendered":"https:\/\/sangobacgiang.com\/?page_id=8"},"modified":"2026-05-11T11:35:31","modified_gmt":"2026-05-11T11:35:31","slug":"home","status":"publish","type":"page","link":"https:\/\/sangobacgiang.com\/","title":{"rendered":"Home"},"content":{"rendered":"\t\t<div data-elementor-type=\"wp-post\" data-elementor-id=\"8\" class=\"elementor elementor-8\" data-elementor-post-type=\"page\">\n\t\t\t\t<div class=\"elementor-element elementor-element-eb23751 e-flex e-con-boxed e-con e-parent\" data-id=\"eb23751\" data-element_type=\"container\" data-e-type=\"container\" data-settings=\"{&quot;background_background&quot;:&quot;classic&quot;}\">\n\t\t\t\t\t<div class=\"e-con-inner\">\n\t\t<div class=\"elementor-element elementor-element-e133902 e-con-full e-flex e-con e-child\" data-id=\"e133902\" data-element_type=\"container\" data-e-type=\"container\">\n\t\t\t\t<div class=\"elementor-element elementor-element-f9c4244 elementor-widget elementor-widget-button\" data-id=\"f9c4244\" data-element_type=\"widget\" data-e-type=\"widget\" data-widget_type=\"button.default\">\n\t\t\t\t\t\t\t\t\t\t<a class=\"elementor-button elementor-button-link elementor-size-sm\" href=\"#\">\n\t\t\t\t\t\t<span class=\"elementor-button-content-wrapper\">\n\t\t\t\t\t\t<span class=\"elementor-button-icon\">\n\t\t\t\t<svg aria-hidden=\"true\" class=\"e-font-icon-svg e-far-star\" viewBox=\"0 0 576 512\" xmlns=\"http:\/\/www.w3.org\/2000\/svg\"><path d=\"M528.1 171.5L382 150.2 316.7 17.8c-11.7-23.6-45.6-23.9-57.4 0L194 150.2 47.9 171.5c-26.2 3.8-36.7 36.1-17.7 54.6l105.7 103-25 145.5c-4.5 26.3 23.2 46 46.4 33.7L288 439.6l130.7 68.7c23.2 12.2 50.9-7.4 46.4-33.7l-25-145.5 105.7-103c19-18.5 8.5-50.8-17.7-54.6zM388.6 312.3l23.7 138.4L288 385.4l-124.3 65.3 23.7-138.4-100.6-98 139-20.2 62.2-126 62.2 126 139 20.2-100.6 98z\"><\/path><\/svg>\t\t\t<\/span>\n\t\t\t\t\t\t\t\t\t<span class=\"elementor-button-text\">\u0110\u1ea0I L\u00dd PH\u00c2N PH\u1ed0I CH\u00cdNH H\u00c3NG<\/span>\n\t\t\t\t\t<\/span>\n\t\t\t\t\t<\/a>\n\t\t\t\t\t\t\t\t<\/div>\n\t\t\t\t<div class=\"elementor-element elementor-element-ca4ef45 elementor-widget elementor-widget-heading\" data-id=\"ca4ef45\" data-element_type=\"widget\" data-e-type=\"widget\" data-widget_type=\"heading.default\">\n\t\t\t\t\t<h1 class=\"elementor-heading-title elementor-size-default\">N\u00e2ng T\u1ea7m<br>\n         <span style=\"color:#B87728\">Ng\u00f4i Nh\u00e0<\/span> <br>\n         C\u1ee7a B\u1ea1n<\/h1>\t\t\t\t<\/div>\n\t\t\t\t<div class=\"elementor-element elementor-element-ceb71a6 elementor-widget__width-auto elementor-widget elementor-widget-text-editor\" data-id=\"ceb71a6\" data-element_type=\"widget\" data-e-type=\"widget\" data-widget_type=\"text-editor.default\">\n\t\t\t\t\t\t\t\t\t<p>Chuy\u00ean ph\u00e2n ph\u1ed1i v\u00e0 thi c\u00f4ng s\u00e0n g\u1ed7 c\u00f4ng nghi\u1ec7p, s\u00e0n nh\u1ef1a WPC <br \/>ch\u1ea5t l\u01b0\u1ee3ng cao. H\u00e0ng ch\u00ednh h\u00e3ng \u2014 gi\u00e1 t\u1eadn g\u1ed1c \u2014 thi c\u00f4ng chuy\u00ean <br \/>nghi\u1ec7p t\u1ea1i B\u1eafc Giang, H\u00e0 N\u1ed9i, B\u1eafc Ninh v\u00e0 to\u00e0n mi\u1ec1n B\u1eafc.<\/p>\t\t\t\t\t\t\t\t<\/div>\n\t\t\t\t<div class=\"elementor-element elementor-element-50b4943 elementor-widget elementor-widget-button\" data-id=\"50b4943\" data-element_type=\"widget\" data-e-type=\"widget\" data-widget_type=\"button.default\">\n\t\t\t\t\t\t\t\t\t\t<a class=\"elementor-button elementor-button-link elementor-size-sm\" href=\"#lienhe\">\n\t\t\t\t\t\t<span class=\"elementor-button-content-wrapper\">\n\t\t\t\t\t\t\t\t\t<span class=\"elementor-button-text\">\ud83c\udf81 Nh\u1eadn b\u00e1o gi\u00e1 mi\u1ec5n ph\u00ed<\/span>\n\t\t\t\t\t<\/span>\n\t\t\t\t\t<\/a>\n\t\t\t\t\t\t\t\t<\/div>\n\t\t\t\t<div class=\"elementor-element elementor-element-46e0567 elementor-widget elementor-widget-button\" data-id=\"46e0567\" data-element_type=\"widget\" data-e-type=\"widget\" data-widget_type=\"button.default\">\n\t\t\t\t\t\t\t\t\t\t<a class=\"elementor-button elementor-button-link elementor-size-sm\" href=\"#san-go-cong-nghiep\">\n\t\t\t\t\t\t<span class=\"elementor-button-content-wrapper\">\n\t\t\t\t\t\t\t\t\t<span class=\"elementor-button-text\">Xem s\u1ea3n ph\u1ea9m<\/span>\n\t\t\t\t\t<\/span>\n\t\t\t\t\t<\/a>\n\t\t\t\t\t\t\t\t<\/div>\n\t\t\t\t<div class=\"elementor-element elementor-element-b3dfb44 elementor-widget-divider--view-line elementor-widget elementor-widget-divider\" data-id=\"b3dfb44\" data-element_type=\"widget\" data-e-type=\"widget\" data-widget_type=\"divider.default\">\n\t\t\t\t\t\t\t<div class=\"elementor-divider\">\n\t\t\t<span class=\"elementor-divider-separator\">\n\t\t\t\t\t\t<\/span>\n\t\t<\/div>\n\t\t\t\t\t\t<\/div>\n\t\t<div class=\"elementor-element elementor-element-1b38f4c e-con-full e-flex e-con e-child\" data-id=\"1b38f4c\" data-element_type=\"container\" data-e-type=\"container\">\n\t\t<div class=\"elementor-element elementor-element-a46340d e-con-full e-flex e-con e-child\" data-id=\"a46340d\" data-element_type=\"container\" data-e-type=\"container\">\n\t\t\t\t<div class=\"elementor-element elementor-element-78819ea elementor-widget elementor-widget-heading\" data-id=\"78819ea\" data-element_type=\"widget\" data-e-type=\"widget\" data-widget_type=\"heading.default\">\n\t\t\t\t\t<div class=\"elementor-heading-title elementor-size-default\">4.7 \u2605<\/div>\t\t\t\t<\/div>\n\t\t\t\t<div class=\"elementor-element elementor-element-af1af22 elementor-widget elementor-widget-text-editor\" data-id=\"af1af22\" data-element_type=\"widget\" data-e-type=\"widget\" data-widget_type=\"text-editor.default\">\n\t\t\t\t\t\t\t\t\t<p>\u0110\u00e1nh gi\u00e1<\/p>\t\t\t\t\t\t\t\t<\/div>\n\t\t\t\t<\/div>\n\t\t<div class=\"elementor-element elementor-element-cf3c23b e-con-full e-flex e-con e-child\" data-id=\"cf3c23b\" data-element_type=\"container\" data-e-type=\"container\">\n\t\t\t\t<div class=\"elementor-element elementor-element-44f3dd1 elementor-widget elementor-widget-heading\" data-id=\"44f3dd1\" data-element_type=\"widget\" data-e-type=\"widget\" data-widget_type=\"heading.default\">\n\t\t\t\t\t<div class=\"elementor-heading-title elementor-size-default\">20+<\/div>\t\t\t\t<\/div>\n\t\t\t\t<div class=\"elementor-element elementor-element-d3ec873 elementor-widget elementor-widget-text-editor\" data-id=\"d3ec873\" data-element_type=\"widget\" data-e-type=\"widget\" data-widget_type=\"text-editor.default\">\n\t\t\t\t\t\t\t\t\t<p>N\u0103m kinh nghi\u1ec7m<\/p>\t\t\t\t\t\t\t\t<\/div>\n\t\t\t\t<\/div>\n\t\t<div class=\"elementor-element elementor-element-b7b86ff e-con-full e-flex e-con e-child\" data-id=\"b7b86ff\" data-element_type=\"container\" data-e-type=\"container\">\n\t\t\t\t<div class=\"elementor-element elementor-element-e516927 elementor-widget elementor-widget-heading\" data-id=\"e516927\" data-element_type=\"widget\" data-e-type=\"widget\" data-widget_type=\"heading.default\">\n\t\t\t\t\t<div class=\"elementor-heading-title elementor-size-default\">10.000+<\/div>\t\t\t\t<\/div>\n\t\t\t\t<div class=\"elementor-element elementor-element-1337d3d elementor-widget elementor-widget-text-editor\" data-id=\"1337d3d\" data-element_type=\"widget\" data-e-type=\"widget\" data-widget_type=\"text-editor.default\">\n\t\t\t\t\t\t\t\t\t<p>C\u00f4ng tr\u00ecnh<\/p>\t\t\t\t\t\t\t\t<\/div>\n\t\t\t\t<\/div>\n\t\t<div class=\"elementor-element elementor-element-61c149e e-con-full e-flex e-con e-child\" data-id=\"61c149e\" data-element_type=\"container\" data-e-type=\"container\">\n\t\t\t\t<div class=\"elementor-element elementor-element-a8a012f elementor-widget elementor-widget-heading\" data-id=\"a8a012f\" data-element_type=\"widget\" data-e-type=\"widget\" data-widget_type=\"heading.default\">\n\t\t\t\t\t<div class=\"elementor-heading-title elementor-size-default\">30+<\/div>\t\t\t\t<\/div>\n\t\t\t\t<div class=\"elementor-element elementor-element-a50ea8a elementor-widget elementor-widget-text-editor\" data-id=\"a50ea8a\" data-element_type=\"widget\" data-e-type=\"widget\" data-widget_type=\"text-editor.default\">\n\t\t\t\t\t\t\t\t\t<p>Th\u01b0\u01a1ng hi\u1ec7u<\/p>\t\t\t\t\t\t\t\t<\/div>\n\t\t\t\t<\/div>\n\t\t\t\t<\/div>\n\t\t\t\t<\/div>\n\t\t<div class=\"elementor-element elementor-element-63cf686 e-con-full e-flex e-con e-child\" data-id=\"63cf686\" data-element_type=\"container\" data-e-type=\"container\">\n\t\t\t\t<div class=\"elementor-element elementor-element-223780e elementor-widget elementor-widget-html\" data-id=\"223780e\" data-element_type=\"widget\" data-e-type=\"widget\" data-widget_type=\"html.default\">\n\t\t\t\t\t<div class=\"dt-hero-right\">\r\n\r\n  <div class=\"dt-img-box\">\r\n    <img decoding=\"async\"\r\n      src=\"https:\/\/sangobacgiang.com\/wp-content\/uploads\/2026\/05\/Hero-San-go-Dat-Thanh.png\"\r\n      alt=\"S\u00e0n g\u1ed7 Open x\u01b0\u01a1ng c\u00e1 c\u1ed1t \u0111en - S\u00e0n G\u1ed7 \u0110\u1ea1t Th\u00e0nh\"\r\n    >\r\n    <div class=\"dt-overlay\"><\/div>\r\n    <div class=\"dt-caption\">\r\n      <strong>S\u00e0n g\u1ed7 Open x\u01b0\u01a1ng c\u00e1 c\u1ed1t \u0111en<\/strong>\r\n      <span>604\u00d7115\u00d712mm \u00b7 Nh\u1eadp kh\u1ea9u Malaysia \u00b7 650.000\u0111\/m\u00b2<\/span>\r\n    <\/div>\r\n  <\/div>\r\n\r\n  <div class=\"dt-badge-ship\">\r\n    <span class=\"b-sm\">SHIP<\/span>\r\n    <span class=\"b-lg\">TO\u00c0N<\/span>\r\n    <span class=\"b-lg\">QU\u1ed0C<\/span>\r\n  <\/div>\r\n\r\n  <div class=\"dt-chip-price\">\r\n    <div class=\"cp-label\">S\u00e0n g\u1ed7 t\u1eeb<\/div>\r\n    <div class=\"cp-price\">260.000\u0111<\/div>\r\n    <div class=\"cp-note\">\/m\u00b2 \u00b7 Ch\u01b0a VAT<\/div>\r\n  <\/div>\r\n\r\n<\/div>\r\n\r\n<style>\r\n.dt-hero-right {\r\n  position: relative;\r\n  width: 100%;\r\n  padding: 16px 16px 0 18px;\r\n}\r\n.dt-img-box {\r\n  position: relative;\r\n  width: 100%;\r\n  height: 440px;\r\n  border-radius: 12px;\r\n}\r\n.dt-img-box img {\r\n  width: 100%;\r\n  height: 100%;\r\n  object-fit: cover;\r\n  display: block;\r\n  border-radius: 12px;\r\n}\r\n.dt-overlay {\r\n  position: absolute;\r\n  inset: 0;\r\n  border-radius: 12px;\r\n  background: linear-gradient(to bottom, transparent 40%, rgba(0,0,0,0.6) 100%);\r\n  pointer-events: none;\r\n}\r\n\r\n\/* \u2500\u2500 CAPTION FIX \u2500\u2500 *\/\r\n.dt-caption {\r\n  position: absolute;\r\n  bottom: 20px;\r\n  left: 16px;\r\n  right: 16px;\r\n  background: rgba(255,255,255,0.14);\r\n  backdrop-filter: blur(10px);\r\n  -webkit-backdrop-filter: blur(10px);\r\n  border: 1px solid rgba(255,255,255,0.22);\r\n  border-radius: 8px;\r\n  padding: 12px 16px;\r\n  \/* flex column \u0111\u1ec3 strong v\u00e0 span kh\u00f4ng \u0111\u00e8 nhau *\/\r\n  display: flex;\r\n  flex-direction: column;\r\n  gap: 5px;\r\n}\r\n.dt-caption strong {\r\n  display: block;\r\n  font-family: 'Be Vietnam Pro', sans-serif;\r\n  font-weight: 700;\r\n  color: #fff;\r\n  font-size: 14px;\r\n  line-height: 1.4;\r\n}\r\n.dt-caption span {\r\n  display: block;\r\n  font-family: 'Be Vietnam Pro', sans-serif;\r\n  color: rgba(255,255,255,0.75);\r\n  font-size: 12px;\r\n  line-height: 1.4;\r\n}\r\n\r\n\/* \u2500\u2500 BADGE TR\u00d2N \u2500\u2500 *\/\r\n.dt-badge-ship {\r\n  position: absolute;\r\n  top: 0;\r\n  right: 0;\r\n  width: 82px;\r\n  height: 82px;\r\n  background: #1A0D05;\r\n  border-radius: 50%;\r\n  border: 3px solid #FBF8F3;\r\n  display: flex;\r\n  flex-direction: column;\r\n  align-items: center;\r\n  justify-content: center;\r\n  z-index: 20;\r\n}\r\n.b-sm {\r\n  font-family: 'Be Vietnam Pro', sans-serif;\r\n  font-size: 9px;\r\n  font-weight: 600;\r\n  color: rgba(255,255,255,0.5);\r\n  letter-spacing: 0.12em;\r\n}\r\n.b-lg {\r\n  font-family: 'Be Vietnam Pro', sans-serif;\r\n  font-size: 15px;\r\n  font-weight: 800;\r\n  color: #B87728;\r\n  line-height: 1.15;\r\n}\r\n\r\n\/* \u2500\u2500 CHIP GI\u00c1 \u2500\u2500 *\/\r\n.dt-chip-price {\r\n  position: absolute;\r\n  top: 36px;\r\n  left: 0;\r\n  background: #fff;\r\n  border-radius: 8px;\r\n  padding: 10px 14px;\r\n  box-shadow: 0 6px 24px rgba(0,0,0,0.14);\r\n  min-width: 140px;\r\n  z-index: 20;\r\n}\r\n.cp-label {\r\n  font-family: 'Be Vietnam Pro', sans-serif;\r\n  font-size: 11px;\r\n  color: #7A6654;\r\n  margin-bottom: 1px;\r\n}\r\n.cp-price {\r\n  font-family: 'Be Vietnam Pro', sans-serif;\r\n  font-size: 21px;\r\n  font-weight: 800;\r\n  color: #B87728;\r\n  line-height: 1.2;\r\n}\r\n.cp-note {\r\n  font-family: 'Be Vietnam Pro', sans-serif;\r\n  font-size: 11px;\r\n  color: #7A6654;\r\n  margin-top: 1px;\r\n}\r\n\r\n\/* \u2500\u2500 MOBILE \u2500\u2500 *\/\r\n@media (max-width: 767px) {\r\n  .dt-hero-right { padding: 12px 12px 0 14px; }\r\n  .dt-img-box { height: 260px; }\r\n  .dt-badge-ship { width: 64px; height: 64px; }\r\n  .b-lg { font-size: 12px; }\r\n  .dt-chip-price { min-width: 118px; padding: 8px 11px; }\r\n  .cp-price { font-size: 16px; }\r\n  .dt-caption { padding: 10px 12px; }\r\n  .dt-caption strong { font-size: 13px; }\r\n  .dt-caption span { font-size: 11px; }\r\n}\r\n<\/style>\t\t\t\t<\/div>\n\t\t\t\t<\/div>\n\t\t\t\t\t<\/div>\n\t\t\t\t<\/div>\n\t\t<div class=\"elementor-element elementor-element-0972e85 e-flex e-con-boxed e-con e-parent\" data-id=\"0972e85\" data-element_type=\"container\" data-e-type=\"container\">\n\t\t\t\t\t<div class=\"e-con-inner\">\n\t\t\t\t<div class=\"elementor-element elementor-element-ac43bc0 elementor-widget elementor-widget-html\" data-id=\"ac43bc0\" data-element_type=\"widget\" data-e-type=\"widget\" data-widget_type=\"html.default\">\n\t\t\t\t\t<!-- ============================================================\r\n   SECTION TH\u01af\u01a0NG HI\u1ec6U \u2014 S\u00c0N G\u1ed6 \u0110\u1ea0T TH\u00c0NH\r\n   D\u00e1n v\u00e0o 1 HTML Widget trong Elementor\r\n   ============================================================ -->\r\n\r\n<link href=\"https:\/\/fonts.googleapis.com\/css2?family=Be+Vietnam+Pro:wght@400;500;600;700;800&display=swap\" rel=\"stylesheet\">\r\n\r\n<section class=\"dt-brands\">\r\n  <div class=\"dt-brands-container\">\r\n\r\n    <!-- Ti\u00eau \u0111\u1ec1 -->\r\n    <div class=\"dt-brands-header\">\r\n      <p class=\"dt-label\">TH\u01af\u01a0NG HI\u1ec6U PH\u00c2N PH\u1ed0I<\/p>\r\n      <h2 class=\"dt-brands-title\">Nh\u1eefng Th\u01b0\u01a1ng Hi\u1ec7u H\u00e0ng \u0110\u1ea7u<\/h2>\r\n      <p class=\"dt-brands-sub\">INOVAR \u00b7 EIR \u00b7 OPEN \u00b7 ZICCOS \u00b7 HOBI \u00b7 MONAS \u00b7 FLORTEX \u00b7 X-TRAIL \u00b7 LADODA \u00b7 OTIS \u00b7 MIKADO v\u00e0 nhi\u1ec1u h\u01a1n n\u1eefa<\/p>\r\n    <\/div>\r\n\r\n    <!-- Grid 5 th\u01b0\u01a1ng hi\u1ec7u -->\r\n    <div class=\"dt-brands-grid\">\r\n\r\n      <!-- INOVAR -->\r\n      <div class=\"dt-brand-card\">\r\n        <div class=\"dt-brand-icon\" style=\"background:#7A5030;\">I<\/div>\r\n        <div class=\"dt-brand-name\">INOVAR<\/div>\r\n        <div class=\"dt-brand-tag\">Nh\u1eadp kh\u1ea9u cao c\u1ea5p<\/div>\r\n        <div class=\"dt-brand-desc\">Th\u01b0\u01a1ng hi\u1ec7u nh\u1eadp kh\u1ea9u h\u00e0ng \u0111\u1ea7u. B\u1ec1n \u0111\u1eb9p, ch\u1ecbu \u1ea9m v\u01b0\u1ee3t tr\u1ed9i cho m\u1ecdi kh\u00f4ng gian.<\/div>\r\n        <div class=\"dt-brand-price\">T\u1eeb <strong>410.000\u0111<\/strong>\/m\u00b2<\/div>\r\n      <\/div>\r\n\r\n      <!-- EIR FLOORING -->\r\n      <div class=\"dt-brand-card\">\r\n        <div class=\"dt-brand-icon\" style=\"background:#3A3A3A;\">E<\/div>\r\n        <div class=\"dt-brand-name\">EIR FLOORING<\/div>\r\n        <div class=\"dt-brand-tag\">C\u1ed1t \u0111en b\u1ec1n b\u1ec9<\/div>\r\n        <div class=\"dt-brand-desc\">C\u00f4ng ngh\u1ec7 v\u00e2n n\u1ed5i ch\u00e2n th\u1ef1c nh\u01b0 g\u1ed7 th\u1eadt. C\u1ed1t \u0111en ch\u1ecbu l\u1ef1c cao, l\u00fd t\u01b0\u1edfng cho th\u01b0\u01a1ng m\u1ea1i.<\/div>\r\n        <div class=\"dt-brand-price\">T\u1eeb <strong>500.000\u0111<\/strong>\/m\u00b2<\/div>\r\n      <\/div>\r\n\r\n      <!-- OPEN -->\r\n      <div class=\"dt-brand-card\">\r\n        <div class=\"dt-brand-icon\" style=\"background:#3A5E30;\">O<\/div>\r\n        <div class=\"dt-brand-name\">OPEN<\/div>\r\n        <div class=\"dt-brand-tag\">Nh\u1eadp kh\u1ea9u Malaysia<\/div>\r\n        <div class=\"dt-brand-desc\">C\u1ed1t g\u1ed7 ch\u00ednh h\u00e3ng Malaysia, \u1ed5n \u0111\u1ecbnh trong kh\u00ed h\u1eadu nhi\u1ec7t \u0111\u1edbi, kh\u00f4ng cong v\u00eanh.<\/div>\r\n        <div class=\"dt-brand-price\">T\u1eeb <strong>550.000\u0111<\/strong>\/m\u00b2<\/div>\r\n      <\/div>\r\n\r\n      <!-- ZICCOS -->\r\n      <div class=\"dt-brand-card\">\r\n        <div class=\"dt-brand-icon\" style=\"background:#3A6040;\">Z<\/div>\r\n        <div class=\"dt-brand-name\">ZICCOS<\/div>\r\n        <div class=\"dt-brand-tag\">\u0110a d\u1ea1ng m\u1eabu m\u00e3<\/div>\r\n        <div class=\"dt-brand-desc\">H\u01a1n 10 m\u00e3 m\u00e0u phong ph\u00fa, ph\u00f9 h\u1ee3p m\u1ecdi phong c\u00e1ch t\u1eeb t\u1ed1i gi\u1ea3n \u0111\u1ebfn c\u1ed5 \u0111i\u1ec3n.<\/div>\r\n        <div class=\"dt-brand-price\">T\u1eeb <strong>280.000\u0111<\/strong>\/m\u00b2<\/div>\r\n      <\/div>\r\n\r\n      <!-- HOBI -->\r\n      <div class=\"dt-brand-card\">\r\n        <div class=\"dt-brand-icon\" style=\"background:#252535;\">H<\/div>\r\n        <div class=\"dt-brand-name\">HOBI<\/div>\r\n        <div class=\"dt-brand-tag\">C\u1ed1t \u0111en premium<\/div>\r\n        <div class=\"dt-brand-desc\">D\u00f2ng s\u00e0n c\u1ed1t \u0111en cao c\u1ea5p, b\u1ec1 m\u1eb7t b\u00f3ng m\u1ecbn sang tr\u1ecdng, ch\u1ed1ng \u1ea9m tuy\u1ec7t v\u1eddi.<\/div>\r\n        <div class=\"dt-brand-price\">T\u1eeb <strong>310.000\u0111<\/strong>\/m\u00b2<\/div>\r\n      <\/div>\r\n\r\n    <\/div><!-- \/grid -->\r\n  <\/div>\r\n<\/section>\r\n\r\n<style>\r\n.dt-brands {\r\n  background: #1C1008;\r\n  padding: 72px 0;\r\n  font-family: 'Be Vietnam Pro', sans-serif;\r\n}\r\n.dt-brands-container {\r\n  max-width: 1160px;\r\n  margin: 0 auto;\r\n  padding: 0 5%;\r\n}\r\n\r\n\/* Ti\u00eau \u0111\u1ec1 *\/\r\n.dt-brands-header {\r\n  text-align: center;\r\n  margin-bottom: 48px;\r\n}\r\n.dt-label {\r\n  display: inline-block;\r\n  font-size: 11px;\r\n  font-weight: 700;\r\n  letter-spacing: .18em;\r\n  color: #B87728;\r\n  margin-bottom: 12px;\r\n}\r\n.dt-brands-title {\r\n  font-size: clamp(26px, 3vw, 34px);\r\n  font-weight: 800;\r\n  color: #fff;\r\n  margin: 0 0 10px;\r\n  line-height: 1.2;\r\n}\r\n.dt-brands-sub {\r\n  font-size: 13px;\r\n  color: rgba(255,255,255,0.38);\r\n  line-height: 1.7;\r\n  max-width: 640px;\r\n  margin: 0 auto;\r\n}\r\n\r\n\/* Grid *\/\r\n.dt-brands-grid {\r\n  display: grid;\r\n  grid-template-columns: repeat(5, 1fr);\r\n  gap: 14px;\r\n}\r\n\r\n\/* Card *\/\r\n.dt-brand-card {\r\n  background: rgba(255,255,255,0.06);\r\n  border: 1px solid rgba(255,255,255,0.07);\r\n  border-radius: 10px;\r\n  padding: 24px 14px;\r\n  text-align: center;\r\n  transition: background .2s, transform .2s;\r\n}\r\n.dt-brand-card:hover {\r\n  background: rgba(255,255,255,0.1);\r\n  transform: translateY(-3px);\r\n}\r\n\r\n\/* Icon tr\u00f2n *\/\r\n.dt-brand-icon {\r\n  width: 50px;\r\n  height: 50px;\r\n  border-radius: 50%;\r\n  display: flex;\r\n  align-items: center;\r\n  justify-content: center;\r\n  margin: 0 auto 14px;\r\n  font-size: 20px;\r\n  font-weight: 800;\r\n  color: #fff;\r\n}\r\n.dt-brand-name {\r\n  font-weight: 800;\r\n  font-size: 13px;\r\n  color: #fff;\r\n  letter-spacing: .04em;\r\n  margin-bottom: 5px;\r\n}\r\n.dt-brand-tag {\r\n  font-size: 11px;\r\n  color: #B87728;\r\n  margin-bottom: 10px;\r\n  font-weight: 500;\r\n}\r\n.dt-brand-desc {\r\n  font-size: 12px;\r\n  color: rgba(255,255,255,0.42);\r\n  line-height: 1.7;\r\n  margin-bottom: 14px;\r\n}\r\n.dt-brand-price {\r\n  font-size: 12px;\r\n  color: rgba(255,255,255,0.32);\r\n}\r\n.dt-brand-price strong {\r\n  color: #B87728;\r\n  font-weight: 700;\r\n}\r\n\r\n\/* Responsive *\/\r\n@media (max-width: 900px) {\r\n  .dt-brands-grid {\r\n    grid-template-columns: repeat(3, 1fr);\r\n    gap: 12px;\r\n  }\r\n}\r\n@media (max-width: 600px) {\r\n  .dt-brands-grid {\r\n    grid-template-columns: repeat(2, 1fr);\r\n    gap: 10px;\r\n  }\r\n  .dt-brands {\r\n    padding: 48px 0;\r\n  }\r\n  .dt-brand-card {\r\n    padding: 18px 10px;\r\n  }\r\n}\r\n<\/style>\t\t\t\t<\/div>\n\t\t\t\t\t<\/div>\n\t\t\t\t<\/div>\n\t\t\t\t<\/div>\n\t\t","protected":false},"excerpt":{"rendered":"<p>\u0110\u1ea0I L\u00dd PH\u00c2N PH\u1ed0I CH\u00cdNH H\u00c3NG N\u00e2ng T\u1ea7m Ng\u00f4i Nh\u00e0 C\u1ee7a B\u1ea1n Chuy\u00ean ph\u00e2n ph\u1ed1i v\u00e0 thi c\u00f4ng s\u00e0n g\u1ed7 c\u00f4ng nghi\u1ec7p, s\u00e0n nh\u1ef1a WPC ch\u1ea5t l\u01b0\u1ee3ng cao. H\u00e0ng ch\u00ednh h\u00e3ng \u2014 gi\u00e1 t\u1eadn g\u1ed1c \u2014 thi c\u00f4ng chuy\u00ean nghi\u1ec7p t\u1ea1i B\u1eafc Giang, H\u00e0 N\u1ed9i, B\u1eafc Ninh v\u00e0 to\u00e0n mi\u1ec1n B\u1eafc. \ud83c\udf81 Nh\u1eadn b\u00e1o gi\u00e1 [&hellip;]<\/p>\n","protected":false},"author":1,"featured_media":0,"parent":0,"menu_order":0,"comment_status":"closed","ping_status":"closed","template":"elementor_canvas","meta":{"footnotes":""},"class_list":["post-8","page","type-page","status-publish","hentry"],"jetpack_sharing_enabled":true,"_links":{"self":[{"href":"https:\/\/sangobacgiang.com\/index.php\/wp-json\/wp\/v2\/pages\/8","targetHints":{"allow":["GET"]}}],"collection":[{"href":"https:\/\/sangobacgiang.com\/index.php\/wp-json\/wp\/v2\/pages"}],"about":[{"href":"https:\/\/sangobacgiang.com\/index.php\/wp-json\/wp\/v2\/types\/page"}],"author":[{"embeddable":true,"href":"https:\/\/sangobacgiang.com\/index.php\/wp-json\/wp\/v2\/users\/1"}],"replies":[{"embeddable":true,"href":"https:\/\/sangobacgiang.com\/index.php\/wp-json\/wp\/v2\/comments?post=8"}],"version-history":[{"count":24,"href":"https:\/\/sangobacgiang.com\/index.php\/wp-json\/wp\/v2\/pages\/8\/revisions"}],"predecessor-version":[{"id":155,"href":"https:\/\/sangobacgiang.com\/index.php\/wp-json\/wp\/v2\/pages\/8\/revisions\/155"}],"wp:attachment":[{"href":"https:\/\/sangobacgiang.com\/index.php\/wp-json\/wp\/v2\/media?parent=8"}],"curies":[{"name":"wp","href":"https:\/\/api.w.org\/{rel}","templated":true}]}}